{"id":473,"date":"2023-05-25T15:21:48","date_gmt":"2023-05-25T18:21:48","guid":{"rendered":"https:\/\/betsoeste.pt\/?page_id=473"},"modified":"2023-05-31T08:45:29","modified_gmt":"2023-05-31T11:45:29","slug":"faqs","status":"publish","type":"page","link":"https:\/\/betsoeste.pt\/index.php\/faqs\/","title":{"rendered":"FAQS"},"content":{"rendered":"\t\t<div data-elementor-type=\"wp-page\" data-elementor-id=\"473\" class=\"elementor elementor-473\" data-elementor-post-type=\"page\">\n\t\t\t\t\t\t<section class=\"elementor-section elementor-top-section elementor-element elementor-element-7226249d elementor-section-boxed elementor-section-height-default elementor-section-height-default\" data-id=\"7226249d\" data-element_type=\"section\">\n\t\t\t\t\t\t<div class=\"elementor-container elementor-column-gap-default\">\n\t\t\t\t\t<div class=\"elementor-column elementor-col-100 elementor-top-column elementor-element elementor-element-b17abcc\" data-id=\"b17abcc\" data-element_type=\"column\">\n\t\t\t<div class=\"elementor-widget-wrap elementor-element-populated\">\n\t\t\t\t\t\t<div class=\"elementor-element elementor-element-8335aff elementor-widget elementor-widget-text-editor\" data-id=\"8335aff\" data-element_type=\"widget\" data-widget_type=\"text-editor.default\">\n\t\t\t\t<div class=\"elementor-widget-container\">\n\t\t\t\t\t\t\t\t\t\n<p>N\u00e3o. Quando subscreves os nossos servi\u00e7os escolhes a dura\u00e7\u00e3o que pretendes nos mesmos e ser\u00e1 dado o acesso a tudo o que subscreveste pelo per\u00edodo pretendido. Ap\u00f3s a subscri\u00e7\u00e3o terminar, podes renovar o servi\u00e7o ou desistir. N\u00e3o existe qualquer fideliza\u00e7\u00e3o. Est\u00e1 atento ao fim do per\u00edodo de subscri\u00e7\u00e3o para nunca perder um dia do nosso trabalho.<\/p>\n\n\n\n<h3 class=\"wp-block-heading\"><strong>O Vosso Servi\u00e7o Garante Lucro?<\/strong><\/h3>\n\n\n\n<p>N\u00e3o. O lucro n\u00e3o \u00e9 garantido. Per\u00edodos curtos s\u00e3o mais propensos a uma maior vari\u00e2ncia, por isso as nossas subscri\u00e7\u00f5es mais longas t\u00eam um valor mensal muito menor para que tenhas a oportunidade de aproveitar ao m\u00e1ximo o nosso trabalho. Com dedica\u00e7\u00e3o, conhecimento, experi\u00eancia, profissionalismo pretendemos continuar a fazer crescer a banca dos nossos membros continuando assim o trabalho feito at\u00e9 \u00e0 data.<\/p>\n\n\n\n<h3 class=\"wp-block-heading\"><strong>S\u00e3o Um Grupo De Apostas?<\/strong><\/h3>\n\n\n\n<p>Somos muito mais do que isso. Somos uma empresa que presta servi\u00e7os de consultoria de informa\u00e7\u00e3o em mercados desportivos, adotando v\u00e1rias estrat\u00e9gias desenvolvidas ao longo dos \u00faltimos anos de forma a atingir os melhores resultados.<\/p>\n\n\n\n<p>Podes recorrer \u00e0 nossa equipa n\u00e3o s\u00f3 para consultar o nosso trabalho, mas tamb\u00e9m para aprenderes a ser um melhor apostador.<\/p>\n\n\n\n<h3 class=\"wp-block-heading\"><strong>A Que Horas Disponibilizam Os Progn\u00f3sticos E Com Que Anteced\u00eancia?<\/strong><\/h3>\n\n\n\n<p>Tentamos ter os progn\u00f3sticos prontos todos os dias \u00e0s 21h do dia anterior \u00e0 realiza\u00e7\u00e3o dos jogos para que tenhas tempo de apostar sem qualquer limita\u00e7\u00e3o.<\/p>\n\n\n\n<h3 class=\"wp-block-heading\"><strong>Tem Per\u00edodo De Fideliza\u00e7\u00e3o?<\/strong><\/h3>\n\n\n\n<h3 class=\"wp-block-heading\"><strong>Que Tipo De Dicas Posso Esperar? Que Desportos Dominam?<\/strong><\/h3>\n\n\n\n<p>Podes contar com progn\u00f3sticos estudados e detalhados ao m\u00e1ximo onde temos em conta variados par\u00e2metros para uma maior efic\u00e1cia dos mesmos. Exemplo: Momento de Forma; Resultados Anteriores; Historial Confronto; Estilo de Jogo; Forma\u00e7\u00e3o; Aus\u00eancias; Import\u00e2ncia da partida; Calend\u00e1rio.<\/p>\n\n\n\n<p>O n\u00facleo do nosso trabalho \u00e9 futebol, mas tamb\u00e9m apostamos em Basquetebol, T\u00e9nis, Futsal, Futebol de Praia, Voleibol, H\u00f3quei no Gelo. Se encontrarmos uma aposta de valor, esta ser\u00e1 lan\u00e7ada independentemente do desporto.<\/p>\n\n\n\n<h3 class=\"wp-block-heading\"><strong>Como Tenho Acesso Aos Progn\u00f3sticos?<\/strong><\/h3>\n\n\n\n<p>Caso tenhas alguma subscri\u00e7\u00e3o ativa podes consultar os progn\u00f3sticos no menu superior em progn\u00f3stico e escolhendo o servi\u00e7o que desejas.<\/p>\n\n\n\n<h3 class=\"wp-block-heading\"><strong>Ajudam-Me A Gerir A Minha Banca?<\/strong><\/h3>\n\n\n\n<p>Sim, damos-te as bases para que possas gerir a banca corretamente. Se sentires dificuldades, ter\u00e1s a nossa equipa pronta para analisar mais profundamente a tua situa\u00e7\u00e3o e ajudar-te a seguir o caminho do sucesso. Gest\u00e3o de banca \u00e9 fundamental para ser bem-sucedido.<\/p>\n\n\n\n<h3 class=\"wp-block-heading\"><strong>Quantos Progn\u00f3sticos Lan\u00e7am Por Dia?<\/strong><\/h3>\n\n\n\n<p>Todos os dias ter\u00e1s acesso aos progn\u00f3sticos correspondentes ao servi\u00e7o que subscreveste: 5 apostas simples no Premium Club, 1 Combinada com 3 jogos na Combinada Premium onde inclui a Aposta Premium e 1 aposta para o Master Challenge.<\/p>\n\n\n\n<h3 class=\"wp-block-heading\"><strong>Qual O Investimento Inicial?<\/strong><\/h3>\n\n\n\n<p>Cada pessoa \u00e9 um caso e dever\u00e1 ser analisada a sua capacidade financeira e o seu perfil de risco. Temos membros na comunidade que come\u00e7aram com 50\u20ac e outros que t\u00eam mais de 40000\u20ac de banca. Mas se est\u00e1s a come\u00e7ar e ainda n\u00e3o tens qualquer experi\u00eancia neste mundo, 100\u20ac de banca poder\u00e1 ser um bom ponto de partida. Repara que n\u00e3o vais apostar 100\u20ac numa aposta, mas sim gerir esse valor para todas as apostas. Com 100\u20ac, dever\u00e1s apostar cerca de 5\u20ac por aposta.<\/p>\n\n\n\n<h3 class=\"wp-block-heading\"><strong>Como Posso Subscrever O Servi\u00e7o?<\/strong><\/h3>\n\n\n\n<p>No menu superior, em \u201cAderir\/Subscrever\u201d selecionas o servi\u00e7o que pretendes subscrever e, ap\u00f3s este passo, poder\u00e1s escolher durante quanto tempo desejas subscrever.<\/p>\n\n\n\n<p>No carrinho podes consultar o total da compra e, caso seja o caso, adicionar um cup\u00e3o de desconto.<\/p>\n\n\n\n<p>Ao finalizar o pedido deves escolher o m\u00e9todo de pagamento e, se ainda n\u00e3o estiveres registado, criar a tua conta.<\/p>\n\n\n\n<p>Ap\u00f3s o pagamento ter\u00e1s imediatamente acesso \u00e0 tua subscri\u00e7\u00e3o.<\/p>\n\n\n\n<h3 class=\"wp-block-heading\"><strong>Quais Os M\u00e9todos De Pagamento?<\/strong><\/h3>\n\n\n\n<p>Aceitamos pagamentos por Refer\u00eancia Multibanco, Refer\u00eancia Payshop, MBWay, Refer\u00eancia Pagaqui ou Cart\u00e3o de Cr\u00e9dito.&nbsp;<\/p>\n\n\n\n<p>Estes m\u00e9todos t\u00eam confirma\u00e7\u00e3o instant\u00e2nea.&nbsp;<\/p>\n\n\n\n<h3 class=\"wp-block-heading\"><strong>Para Acompanhar Os Progn\u00f3sticos, Preciso De Assistir Aos Jogos?<\/strong><\/h3>\n\n\n\n<p>N\u00e3o, o objetivo do nosso servi\u00e7o \u00e9 deixar-te descansado sem teres que analisar nem assistir aos jogos e poderes ter um rendimento mensal extra sem muito trabalho.<\/p>\n\n\n\n<h3 class=\"wp-block-heading\"><strong>Quando Terei Acesso Ao Servi\u00e7o Que Subscrevi?<\/strong><\/h3>\n\n\n\n<p>Assim que efetuares o pagamento dos servi\u00e7os que escolheste, a ativa\u00e7\u00e3o da tua subscri\u00e7\u00e3o \u00e9 autom\u00e1tica. Pretendemos que estejas logo&nbsp; pronto para come\u00e7ar a apostar!<\/p>\n\n\n\n<h3 class=\"wp-block-heading\"><strong>Posso Apostar Dinheiro Diretamente Com Voc\u00eas?<\/strong><\/h3>\n\n\n\n<p>N\u00e3o. N\u00e3o somos uma casa de apostas. Somos uma empresa de consultoria de informa\u00e7\u00e3o de mercados desportivos. Podes utilizar a nossa informa\u00e7\u00e3o para apostar, mas n\u00e3o apostas diretamente connosco.<\/p>\n\t\t\t\t\t\t\t\t<\/div>\n\t\t\t\t<\/div>\n\t\t\t\t\t<\/div>\n\t\t<\/div>\n\t\t\t\t\t<\/div>\n\t\t<\/section>\n\t\t\t\t<\/div>\n\t\t","protected":false},"excerpt":{"rendered":"<p>N\u00e3o. Quando subscreves os nossos servi\u00e7os escolhes a dura\u00e7\u00e3o que pretendes nos mesmos e ser\u00e1 dado o acesso a tudo o que subscreveste pelo per\u00edodo pretendido. Ap\u00f3s a subscri\u00e7\u00e3o terminar, podes renovar o servi\u00e7o ou desistir. N\u00e3o existe qualquer fideliza\u00e7\u00e3o. Est\u00e1 atento ao fim do per\u00edodo de subscri\u00e7\u00e3o para nunca perder um dia do nosso [&hellip;]<\/p>\n","protected":false},"author":10,"featured_media":0,"parent":0,"menu_order":0,"comment_status":"closed","ping_status":"closed","template":"","meta":{"footnotes":""},"class_list":["post-473","page","type-page","status-publish","hentry"],"_links":{"self":[{"href":"https:\/\/betsoeste.pt\/index.php\/wp-json\/wp\/v2\/pages\/473","targetHints":{"allow":["GET"]}}],"collection":[{"href":"https:\/\/betsoeste.pt\/index.php\/wp-json\/wp\/v2\/pages"}],"about":[{"href":"https:\/\/betsoeste.pt\/index.php\/wp-json\/wp\/v2\/types\/page"}],"author":[{"embeddable":true,"href":"https:\/\/betsoeste.pt\/index.php\/wp-json\/wp\/v2\/users\/10"}],"replies":[{"embeddable":true,"href":"https:\/\/betsoeste.pt\/index.php\/wp-json\/wp\/v2\/comments?post=473"}],"version-history":[{"count":7,"href":"https:\/\/betsoeste.pt\/index.php\/wp-json\/wp\/v2\/pages\/473\/revisions"}],"predecessor-version":[{"id":720,"href":"https:\/\/betsoeste.pt\/index.php\/wp-json\/wp\/v2\/pages\/473\/revisions\/720"}],"wp:attachment":[{"href":"https:\/\/betsoeste.pt\/index.php\/wp-json\/wp\/v2\/media?parent=473"}],"curies":[{"name":"wp","href":"https:\/\/api.w.org\/{rel}","templated":true}]}}