{"id":130,"date":"2023-05-26T13:44:55","date_gmt":"2023-05-26T16:44:55","guid":{"rendered":"https:\/\/betsoeste.pt\/?page_id=130"},"modified":"2025-05-19T03:30:56","modified_gmt":"2025-05-19T06:30:56","slug":"termos","status":"publish","type":"page","link":"https:\/\/betsoeste.pt\/index.php\/termos\/","title":{"rendered":"Termos &#038; Conndi\u00e7\u00f5es"},"content":{"rendered":"\t\t<div data-elementor-type=\"wp-page\" data-elementor-id=\"130\" class=\"elementor elementor-130\" data-elementor-post-type=\"page\">\n\t\t\t\t\t\t<section class=\"elementor-section elementor-top-section elementor-element elementor-element-2aee1bcc elementor-section-boxed elementor-section-height-default elementor-section-height-default\" data-id=\"2aee1bcc\" data-element_type=\"section\">\n\t\t\t\t\t\t<div class=\"elementor-container elementor-column-gap-default\">\n\t\t\t\t\t<div class=\"elementor-column elementor-col-100 elementor-top-column elementor-element elementor-element-611a6d6b\" data-id=\"611a6d6b\" data-element_type=\"column\">\n\t\t\t<div class=\"elementor-widget-wrap elementor-element-populated\">\n\t\t\t\t\t\t<div class=\"elementor-element elementor-element-12bf3e97 elementor-widget elementor-widget-text-editor\" data-id=\"12bf3e97\" data-element_type=\"widget\" data-widget_type=\"text-editor.default\">\n\t\t\t\t<div class=\"elementor-widget-container\">\n\t\t\t\t\t\t\t\t\t<p><\/p>\n<p>O Site BetsOeste oferece um site simples e de f\u00e1cil acesso a modo que o utilizador permita ou n\u00e3o aceitar os termos e condi\u00e7\u00f5es e usando as ferramentas necess\u00e1rias. Ao visualizar o nosso website, concorda com os nossos termos.<br>Por favor, leia os Termos de Servi\u00e7o cuidadosamente antes de aceder ou utilizar o nosso site, poder\u00e1 sempre n\u00e3o aceitar os termos.<\/p>\n<p><\/p>\n<p><\/p>\n<p><strong>TERMOS GERAIS<\/strong><br>Ao concordar com os Termos de Servi\u00e7o, confirma que \u00e9 maior de idade. Este ponto \u00e9 muito importante.<\/p>\n<p><\/p>\n<p><\/p>\n<p>Violar qualquer um dos Termos tem como consequ\u00eancia a rescis\u00e3o imediata dos seus servi\u00e7os e poder\u00e1 levar a bloqueio da conta<\/p>\n<p><\/p>\n<p><\/p>\n<p>N\u00e3o deve usar os nossos produtos para qualquer fim ilicito ou n\u00e3o autorizado.<\/p>\n<p><\/p>\n<p><\/p>\n<p>Reservamos o direito de recusar o servi\u00e7o a qualquer pessoa por qualquer motivo a qualquer momento sem prestar declara\u00e7\u00f5es.<\/p>\n<p><\/p>\n<p><\/p>\n<p>Concorda em n\u00e3o reproduzir, duplicar, copiar, vender, revender ou explorar qualquer parte do servi\u00e7o prestado, uso do servi\u00e7o, acesso ao servi\u00e7o, ou qualquer contato no site atrav\u00e9s do qual o servi\u00e7o \u00e9 fornecido, sem a nossa permiss\u00e3o expressa por escrito.<\/p>\n<p><\/p>\n<p><\/p>\n<p>O Material do site \u00e9 fornecido apenas para fins informativos e qualquere utiliza\u00e7\u00e3o do material \u00e9 por sua conta e risco<\/p>\n<p><\/p>\n<p><\/p>\n<p><strong>VALORES<\/strong><br>Os valores dos nossos produtos s\u00e3o sujeitos a altera\u00e7\u00f5es sem notifica\u00e7\u00e3o pr\u00e9via<\/p>\n<p><\/p>\n<p><\/p>\n<p>Reservamos o direito de, a qualquer momento, modificar ou descontinuar o servi\u00e7o (ou qualquer parte ou conte\u00fado do mesmo sem prestar declara\u00e7\u00f5es.<\/p>\n<p><\/p>\n<p><\/p>\n<p><strong>SERVI\u00c7OS<\/strong><br>Temos o direito de recusar o servi\u00e7o a qualquer pessoa, por qualquer motivo, a qualquer momento.<\/p>\n<p><\/p>\n<p><\/p>\n<p>O uso do servi\u00e7o \u00e9 por sua conta e risco. O servi\u00e7o \u00e9 fornecido, sem qualquer garantia ou condi\u00e7\u00e3o, expressa ou impl\u00edcita no conte\u00fado fornecido.<\/p>\n<p><\/p>\n<p><\/p>\n<p>N\u00e3o garantimos que a qualidade de qualquer produto, servi\u00e7o, informa\u00e7\u00f5es ou outro material adquirido ou obtido atrav\u00e9s do nosso servi\u00e7o, ir\u00e1 corresponder a quaisquer expectativas criadas pelos nossos utilizadores.<\/p>\n<p><\/p>\n<p><\/p>\n<p>N\u00e3o garantimos que o servi\u00e7o ser\u00e1 ininterrupto, atempado, seguro ou livre de erros nem que os resultados expect\u00e1veis com o uso do servi\u00e7o ser\u00e3o exatos ou precisos. N\u00e3o garantimos que acertarmos todos os jogos.<\/p>\n<p><\/p>\n<p><\/p>\n<p><strong>ANULA\u00c7\u00c3O<\/strong><br>Pode cancelar a sua conta a qualquer momento de modo a n\u00e3o poder acessar mais.<\/p>\n<p><\/p>\n<p><\/p>\n<p>Assim que a sua conta for cancelada todo o seu conte\u00fado ser\u00e1 imediatamente exclu\u00eddo do servi\u00e7o, pode demorar at\u00e9 30 dias.<\/p>\n<p><\/p>\n<p><\/p>\n<p>A elimina\u00e7\u00e3o de todos os dados \u00e9 definitiva, por favor certifique-se de que de fato deseja cancelar a sua subscri\u00e7\u00e3o antes de o fazer, posteriormente n\u00e3o h\u00e1 volta a dar.<\/p>\n<p><\/p>\n<p><\/p>\n<p><strong>SUBSCRI\u00c7\u00d5ES<\/strong><br>Ser\u00e1 cobrado antecipadamente a subscri\u00e7\u00e3o pretendida. Antes da assinatura estar dispon\u00edvel para uso, o utilizador deve aceitar os Termos de Servi\u00e7o, tal como apresentado. Pode cancelar a sua subscri\u00e7\u00e3o a qualquer momento entrando em contato connosco, no entanto, n\u00e3o faremos qualquer reembolso para todos os pagamentos j\u00e1 realizados. Os Utilizadores t\u00eam que perceber que ap\u00f3s fazerem qualquer pagamento que n\u00e3o h\u00e1 reembolso do mesmo.<\/p>\n<p><\/p>\n<p><\/p>\n<p>O servi\u00e7o pode ir abaixo sem aviso pr\u00e9vio, por falta de pagamento de qualquer quantia devida na data de fim da subscri\u00e7\u00e3o.<\/p>\n<p><\/p>\n<p><\/p>\n<p><strong>FERRAMENTAS<\/strong><\/p>\n<p><\/p>\n<p><\/p>\n<p>Reconhece e concorda que n\u00f3s fornecemos acesso a tais ferramentas sem quaisquer garantias, representa\u00e7\u00f5es ou condi\u00e7\u00f5es de qualquer tipo. N\u00e3o nos responsabilizamos de forma alguma pelo seu uso de ferramentas opcionais de terceiros.<\/p>\n<p><\/p>\n<p><\/p>\n<p>Qualquer uso de ferramentas opcionais oferecidas atrav\u00e9s do site www.betsoeste.pt \u00e9 inteiramente por sua conta e risco e deve-se familiarizar e aprovar os termos das ferramentas que s\u00e3o fornecidas por fornecedor(es) terceiro(s).<\/p>\n<p><\/p>\n<p><\/p>\n<p>Futuramente poderemos oferecer novos servi\u00e7os e\/ou recursos atrav\u00e9s do site (incluindo o lan\u00e7amento de novas ferramentas e recursos). Tais recursos e\/ou servi\u00e7os novos tamb\u00e9m devem estar sujeitos a estes Termos de Servi\u00e7o.<\/p>\n<p><\/p>\n<p><\/p>\n<p><strong>COMENT\u00c1RIOS DO UTILIIZADOR<\/strong><br>Concorda que os seus coment\u00e1rios n\u00e3o violar\u00e3o qualquer direito de terceiros, marcas registadas, privacidade, personalidade ou outro direito pessoal ou de propriedade.<\/p>\n<p><\/p>\n<p><\/p>\n<p>O Utilizador \u00e9 o \u00fanico respons\u00e1vel por quaisquer coment\u00e1rios que faz e pela veracidade deles. N\u00f3s n\u00e3o assumimos qualquer responsabilidade.<\/p>\n<p><\/p>\n<p><\/p>\n<p>Coment\u00e1rios sem fundamento ou que tenham como inten\u00e7\u00e3o denegrir a credibilidade s\u00e3o punidos com a expuls\u00e3o do utilizador.<\/p>\n<p><\/p>\n<p><\/p>\n<p>Concorda que os seus coment\u00e1rios n\u00e3o v\u00e3o conter material difamat\u00f3rio, ilegal, abusivo ou obsceno<\/p>\n<p><\/p>\n<p><\/p>\n<p>N\u00e3o pode usar um endere\u00e7o de e-mail falso, fingir ser algu\u00e9m diferente de si mesmo<\/p>\n<p><\/p>\n<p><\/p>\n<p><strong>INFORMA\u00c7\u00d5ES PESSOAIS<\/strong><br>O envio das suas informa\u00e7\u00f5es pessoais atrav\u00e9s do site \u00e9 feito pela nossa Pol\u00edtica de Privacidade.<\/p>\n<p><\/p>\n<p><\/p>\n<p><strong>ALTERA\u00c7\u00d5ES DOS TERMOS DE SERVI\u00c7O<\/strong><br>Esta p\u00e1gina est\u00e1 atualizada, poder\u00e1 ver todos os termos e condi\u00e7\u00f5es aqui.<\/p>\n<p><\/p>\n<p><\/p>\n<p><strong>ERROS<\/strong><br>Ocasionalmente, pode haver informa\u00e7\u00f5es no nosso site www.betsoeste.pt ou no servi\u00e7o que cont\u00eam erros tipogr\u00e1ficos que possam relacionar-se a descri\u00e7\u00f5es de servi\u00e7os, pre\u00e7os, promo\u00e7\u00f5es, ofertas.<\/p>\n<p><\/p>\n<p><\/p>\n<p>Reservamos o direito de corrigir quaisquer erros e de alterar qualquer informa\u00e7\u00e3o no servi\u00e7o ou em qualquer site relacionado seja imprecisa, a qualquer momento e sem aviso pr\u00e9vio.<\/p>\n<p><\/p>\n<p><\/p>\n<p>Reservamos o direito, a nosso crit\u00e9rio, de atualizar, modificar ou substituir qualquer parte destes Termos de Servi\u00e7o sem aviso pr\u00e9vio.<\/p>\n<p><\/p>\n<p><\/p>\n<p>\u00c9 da sua responsabilidade verificar o nosso site periodicamente.<\/p>\n<p><br><\/p>\n<p>AVISO LEGAL \/ ISEN\u00c7\u00c3O DE RESPONSABILIDADE<\/p>\n<p>As Informa\u00e7\u00f5es fornecidas neste site t\u00eam car\u00e1cter informativo e educativo. N\u00e3o constituem oferta ou recomenda\u00e7\u00e3o de investimentos ou apostas.<\/p>\n<p>Os Progn\u00f3sticos desportivos n\u00e3o garantem ganhos futuros. O uso das informa\u00e7\u00f5es \u00e9 de responsabilidade do utilizador.&nbsp;<\/p>\n<p>A atividade \u00e9 permitida apenas para maiores de 18 anos.&nbsp;<\/p><p><br><\/p>\n<p><\/p>\n<p><\/p>\n<p><strong>INFORMA\u00c7\u00d5ES DE CONTATO<\/strong><\/p>\n<p><\/p>\n<p><\/p>\n<p>Todas as d\u00favidas devem sere enviadas para <strong>geral@betsoeste.pt<\/strong><\/p>\n<p><\/p>\t\t\t\t\t\t\t\t<\/div>\n\t\t\t\t<\/div>\n\t\t\t\t\t<\/div>\n\t\t<\/div>\n\t\t\t\t\t<\/div>\n\t\t<\/section>\n\t\t\t\t<\/div>\n\t\t","protected":false},"excerpt":{"rendered":"<p>O Site BetsOeste oferece um site simples e de f\u00e1cil acesso a modo que o utilizador permita ou n\u00e3o aceitar os termos e condi\u00e7\u00f5es e usando as ferramentas necess\u00e1rias. Ao visualizar o nosso website, concorda com os nossos termos.Por favor, leia os Termos de Servi\u00e7o cuidadosamente antes de aceder ou utilizar o nosso site, poder\u00e1 [&hellip;]<\/p>\n","protected":false},"author":1,"featured_media":0,"parent":0,"menu_order":0,"comment_status":"closed","ping_status":"closed","template":"","meta":{"footnotes":""},"class_list":["post-130","page","type-page","status-publish","hentry"],"_links":{"self":[{"href":"https:\/\/betsoeste.pt\/index.php\/wp-json\/wp\/v2\/pages\/130","targetHints":{"allow":["GET"]}}],"collection":[{"href":"https:\/\/betsoeste.pt\/index.php\/wp-json\/wp\/v2\/pages"}],"about":[{"href":"https:\/\/betsoeste.pt\/index.php\/wp-json\/wp\/v2\/types\/page"}],"author":[{"embeddable":true,"href":"https:\/\/betsoeste.pt\/index.php\/wp-json\/wp\/v2\/users\/1"}],"replies":[{"embeddable":true,"href":"https:\/\/betsoeste.pt\/index.php\/wp-json\/wp\/v2\/comments?post=130"}],"version-history":[{"count":11,"href":"https:\/\/betsoeste.pt\/index.php\/wp-json\/wp\/v2\/pages\/130\/revisions"}],"predecessor-version":[{"id":1451,"href":"https:\/\/betsoeste.pt\/index.php\/wp-json\/wp\/v2\/pages\/130\/revisions\/1451"}],"wp:attachment":[{"href":"https:\/\/betsoeste.pt\/index.php\/wp-json\/wp\/v2\/media?parent=130"}],"curies":[{"name":"wp","href":"https:\/\/api.w.org\/{rel}","templated":true}]}}