{"id":129,"date":"2023-05-23T20:20:23","date_gmt":"2023-05-23T23:20:23","guid":{"rendered":"https:\/\/betsoeste.pt\/index.php\/minha-conta\/"},"modified":"2023-05-29T15:53:14","modified_gmt":"2023-05-29T18:53:14","slug":"minha-conta","status":"publish","type":"page","link":"https:\/\/betsoeste.pt\/index.php\/minha-conta\/","title":{"rendered":"Minha conta"},"content":{"rendered":"\t\t<div data-elementor-type=\"wp-page\" data-elementor-id=\"129\" class=\"elementor elementor-129\" data-elementor-post-type=\"page\">\n\t\t\t\t\t\t<section class=\"elementor-section elementor-top-section elementor-element elementor-element-450329c4 elementor-section-boxed elementor-section-height-default elementor-section-height-default\" data-id=\"450329c4\" data-element_type=\"section\">\n\t\t\t\t\t\t<div class=\"elementor-container elementor-column-gap-default\">\n\t\t\t\t\t<div class=\"elementor-column elementor-col-100 elementor-top-column elementor-element elementor-element-47c4897e\" data-id=\"47c4897e\" data-element_type=\"column\">\n\t\t\t<div class=\"elementor-widget-wrap elementor-element-populated\">\n\t\t\t\t\t\t<div class=\"elementor-element elementor-element-67b5fbc9 elementor-widget elementor-widget-shortcode\" data-id=\"67b5fbc9\" data-element_type=\"widget\" data-widget_type=\"shortcode.default\">\n\t\t\t\t<div class=\"elementor-widget-container\">\n\t\t\t\t\t\t\t<div class=\"elementor-shortcode\"><div class=\"woocommerce\"><\/div><\/div>\n\t\t\t\t\t\t<\/div>\n\t\t\t\t<\/div>\n\t\t\t\t\t<\/div>\n\t\t<\/div>\n\t\t\t\t\t<\/div>\n\t\t<\/section>\n\t\t\t\t<\/div>\n\t\t","protected":false},"excerpt":{"rendered":"<p>Minha Conta Ol\u00e1 Palpites Minha Conta Alterar senha Pedidos ver todos Assinatura Data de validade Endere\u00e7os Alterar endere\u00e7o Sair<\/p>\n","protected":false},"author":1,"featured_media":0,"parent":0,"menu_order":0,"comment_status":"closed","ping_status":"closed","template":"","meta":{"footnotes":""},"class_list":["post-129","page","type-page","status-publish","hentry"],"_links":{"self":[{"href":"https:\/\/betsoeste.pt\/index.php\/wp-json\/wp\/v2\/pages\/129","targetHints":{"allow":["GET"]}}],"collection":[{"href":"https:\/\/betsoeste.pt\/index.php\/wp-json\/wp\/v2\/pages"}],"about":[{"href":"https:\/\/betsoeste.pt\/index.php\/wp-json\/wp\/v2\/types\/page"}],"author":[{"embeddable":true,"href":"https:\/\/betsoeste.pt\/index.php\/wp-json\/wp\/v2\/users\/1"}],"replies":[{"embeddable":true,"href":"https:\/\/betsoeste.pt\/index.php\/wp-json\/wp\/v2\/comments?post=129"}],"version-history":[{"count":60,"href":"https:\/\/betsoeste.pt\/index.php\/wp-json\/wp\/v2\/pages\/129\/revisions"}],"predecessor-version":[{"id":545,"href":"https:\/\/betsoeste.pt\/index.php\/wp-json\/wp\/v2\/pages\/129\/revisions\/545"}],"wp:attachment":[{"href":"https:\/\/betsoeste.pt\/index.php\/wp-json\/wp\/v2\/media?parent=129"}],"curies":[{"name":"wp","href":"https:\/\/api.w.org\/{rel}","templated":true}]}}