{"id":128,"date":"2023-05-23T20:20:23","date_gmt":"2023-05-23T23:20:23","guid":{"rendered":"https:\/\/betsoeste.pt\/index.php\/finalizar-compra\/"},"modified":"2023-05-25T17:40:34","modified_gmt":"2023-05-25T20:40:34","slug":"finalizar-compra","status":"publish","type":"page","link":"https:\/\/betsoeste.pt\/index.php\/finalizar-compra\/","title":{"rendered":"Finaliza\u00e7\u00e3o de compra"},"content":{"rendered":"\t\t<div data-elementor-type=\"wp-page\" data-elementor-id=\"128\" class=\"elementor elementor-128\" data-elementor-post-type=\"page\">\n\t\t\t\t\t\t<section class=\"elementor-section elementor-top-section elementor-element elementor-element-4c18ba3d elementor-section-boxed elementor-section-height-default elementor-section-height-default\" data-id=\"4c18ba3d\" data-element_type=\"section\">\n\t\t\t\t\t\t<div class=\"elementor-container elementor-column-gap-default\">\n\t\t\t\t\t<div class=\"elementor-column elementor-col-100 elementor-top-column elementor-element elementor-element-24b93d06\" data-id=\"24b93d06\" data-element_type=\"column\" data-settings=\"{&quot;background_background&quot;:&quot;classic&quot;}\">\n\t\t\t<div class=\"elementor-widget-wrap elementor-element-populated\">\n\t\t\t\t\t\t<div class=\"elementor-element elementor-element-3fa95b8 e-checkout-layout-two-column elementor-widget elementor-widget-woocommerce-checkout-page\" data-id=\"3fa95b8\" data-element_type=\"widget\" data-widget_type=\"woocommerce-checkout-page.default\">\n\t\t\t\t<div class=\"elementor-widget-container\">\n\t\t\t\t\t<div class=\"woocommerce\"><\/div>\t\t\t\t<\/div>\n\t\t\t\t<\/div>\n\t\t\t\t\t<\/div>\n\t\t<\/div>\n\t\t\t\t\t<\/div>\n\t\t<\/section>\n\t\t\t\t<\/div>\n\t\t","protected":false},"excerpt":{"rendered":"<p>Detalhes de faturamento Nome&nbsp;* Contribuinte&nbsp;(opcional) Pa\u00eds&nbsp;*Selecione um pa\u00eds&hellip;Afeganist\u00e3o\u00c1frica do SulAlb\u00e2niaAlemanhaAndorraAngolaAnguillaAnt\u00e1rticaAnt\u00edgua e BarbudaAr\u00e1bia SauditaArg\u00e9liaArgentinaArm\u00eaniaArubaAustr\u00e1lia\u00c1ustriaAzerbaij\u00e3oBahamasBangladeshBarbadosBar\u00e9mBelauB\u00e9lgicaBelizeBenimBermudasBielorr\u00fassiaBol\u00edviaB\u00f3snia e HerzegovinaBotsuanaBrasilBruneiBulg\u00e1riaBurquina FassoBur\u00fandiBut\u00e3oCabo VerdeCamar\u00f5esCambojaCanad\u00e1CatarCazaquist\u00e3oChadeChileChinaChipreCingapuraCol\u00f4mbiaComoresComunidade das Ilhas Marianas SetentrionaisCongo (Brazzaville)Congo (Kinshasa)Cor\u00e9ia do NorteCor\u00e9ia do SulCosta do MarfimCosta RicaCro\u00e1ciaCubaCura&ccedil;aoDinamarcaDjiboutiDominicaEgitoEl SalvadorEmirados \u00c1rabes UnidosEquadorEritreiaEslov\u00e1quiaEsloveniaEspanhaEstados UnidosEst\u00f4niaEswatiniEti\u00f3piaFijiFilipinasFinl\u00e2ndiaFran\u00e7aGab\u00e3oG\u00e2mbiaGanaGe\u00f3rgiaGibraltarGranadaGr\u00e9ciaGroenl\u00e2ndiaGuadalupeGuamGuatemalaGuernseyGuianaGuiana FrancesaGuin\u00e9Guin\u00e9 EquatorialGuin\u00e9-BissauHaitiHolandaHondurasHong KongHungriaI\u00e9menIlha BouvetIlha ChristmasIlha de ManIlha de S\u00e3o Martinho (Rep\u00fablica Francesa)Ilha Heard e Ilhas McDonaldIlha NorfolkIlhas AlandIlhas CaymanIlhas CocosIlhas CookIlhas [&hellip;]<\/p>\n","protected":false},"author":1,"featured_media":0,"parent":0,"menu_order":0,"comment_status":"closed","ping_status":"closed","template":"","meta":{"footnotes":""},"class_list":["post-128","page","type-page","status-publish","hentry"],"_links":{"self":[{"href":"https:\/\/betsoeste.pt\/index.php\/wp-json\/wp\/v2\/pages\/128","targetHints":{"allow":["GET"]}}],"collection":[{"href":"https:\/\/betsoeste.pt\/index.php\/wp-json\/wp\/v2\/pages"}],"about":[{"href":"https:\/\/betsoeste.pt\/index.php\/wp-json\/wp\/v2\/types\/page"}],"author":[{"embeddable":true,"href":"https:\/\/betsoeste.pt\/index.php\/wp-json\/wp\/v2\/users\/1"}],"replies":[{"embeddable":true,"href":"https:\/\/betsoeste.pt\/index.php\/wp-json\/wp\/v2\/comments?post=128"}],"version-history":[{"count":12,"href":"https:\/\/betsoeste.pt\/index.php\/wp-json\/wp\/v2\/pages\/128\/revisions"}],"predecessor-version":[{"id":499,"href":"https:\/\/betsoeste.pt\/index.php\/wp-json\/wp\/v2\/pages\/128\/revisions\/499"}],"wp:attachment":[{"href":"https:\/\/betsoeste.pt\/index.php\/wp-json\/wp\/v2\/media?parent=128"}],"curies":[{"name":"wp","href":"https:\/\/api.w.org\/{rel}","templated":true}]}}